{"id":110,"date":"2015-08-22T06:33:49","date_gmt":"2015-08-22T04:33:49","guid":{"rendered":"http:\/\/m3in5.no-ip.org\/wordpress\/?page_id=110"},"modified":"2015-09-01T01:56:53","modified_gmt":"2015-08-31T23:56:53","slug":"wild-nature-our-animal-list","status":"publish","type":"page","link":"https:\/\/m3in5.no-ip.org\/wordpress\/?page_id=110","title":{"rendered":"Wild Nature &#8211; our Animal-List"},"content":{"rendered":"<p>Die folgenden Tiere konnten wir bisher in Kanada bewundern:<\/p>\n<p>&#8211; M\u00fccken (an allen Gew\u00e4ssern)<br \/>\n&#8211; Wildkaninchen (Calgary: Prince&#8217;s Island Park and North Glenmore Park)<br \/>\n&#8211; schwarzes Eichh\u00f6rnchen &#8211; mitten in der City von Calgary<br \/>\n&#8211; K\u00fche (Weg Calgary-Drumheller,&#8230;)<br \/>\n&#8211; Pferde (Weg Calgary-Drumheller,..)<br \/>\n&#8211; Hund (Edmonton)<br \/>\n&#8211; Pinguin (Edmonton Mall)<br \/>\n&#8211; Seehund &#038; Seel\u00f6we (Edmonton Mall)<br \/>\n&#8211; Bisons<br \/>\n&#8211; Widder (wahrscheinlich)<br \/>\n&#8211; Katze<br \/>\n&#8211; Springmaus<br \/>\n&#8211; Streifenh\u00f6rnchen<br \/>\n&#8211; Eichh\u00f6rnchen<br \/>\n&#8211; Karibu<br \/>\n&#8211; Wald Hamster<\/p>\n<p>Bisher ist leider noch kein B\u00e4r oder Puma dabei. Aber wir sind guter Hoffnung, dass sich das in den n\u00e4chsten Tagen noch \u00e4ndern wird.<\/p>\n","protected":false},"excerpt":{"rendered":"<p>Die folgenden Tiere konnten wir bisher in Kanada bewundern: &#8211; M\u00fccken (an allen Gew\u00e4ssern) &#8211; Wildkaninchen (Calgary: Prince&#8217;s Island Park and North Glenmore Park) &#8211; schwarzes Eichh\u00f6rnchen &#8211; mitten in der City von Calgary &#8211; K\u00fche (Weg Calgary-Drumheller,&#8230;) &#8211; Pferde (Weg Calgary-Drumheller,..) &#8211; Hund (Edmonton) &#8211; Pinguin (Edmonton Mall) &#8211; Seehund &#038; Seel\u00f6we (Edmonton Mall) &hellip; <a href=\"https:\/\/m3in5.no-ip.org\/wordpress\/?page_id=110\" class=\"more-link\"><span class=\"screen-reader-text\">Wild Nature &#8211; our Animal-List<\/span> weiterlesen <span class=\"meta-nav\">&rarr;<\/span><\/a><\/p>\n","protected":false},"author":1,"featured_media":0,"parent":0,"menu_order":1,"comment_status":"closed","ping_status":"closed","template":"","meta":{"footnotes":""},"class_list":["post-110","page","type-page","status-publish","hentry"],"_links":{"self":[{"href":"https:\/\/m3in5.no-ip.org\/wordpress\/index.php?rest_route=\/wp\/v2\/pages\/110","targetHints":{"allow":["GET"]}}],"collection":[{"href":"https:\/\/m3in5.no-ip.org\/wordpress\/index.php?rest_route=\/wp\/v2\/pages"}],"about":[{"href":"https:\/\/m3in5.no-ip.org\/wordpress\/index.php?rest_route=\/wp\/v2\/types\/page"}],"author":[{"embeddable":true,"href":"https:\/\/m3in5.no-ip.org\/wordpress\/index.php?rest_route=\/wp\/v2\/users\/1"}],"replies":[{"embeddable":true,"href":"https:\/\/m3in5.no-ip.org\/wordpress\/index.php?rest_route=%2Fwp%2Fv2%2Fcomments&post=110"}],"version-history":[{"count":8,"href":"https:\/\/m3in5.no-ip.org\/wordpress\/index.php?rest_route=\/wp\/v2\/pages\/110\/revisions"}],"predecessor-version":[{"id":329,"href":"https:\/\/m3in5.no-ip.org\/wordpress\/index.php?rest_route=\/wp\/v2\/pages\/110\/revisions\/329"}],"wp:attachment":[{"href":"https:\/\/m3in5.no-ip.org\/wordpress\/index.php?rest_route=%2Fwp%2Fv2%2Fmedia&parent=110"}],"curies":[{"name":"wp","href":"https:\/\/api.w.org\/{rel}","templated":true}]}}